{"id":91,"date":"2016-01-29T15:17:24","date_gmt":"2016-01-29T15:17:24","guid":{"rendered":"http:\/\/event-theme.com\/themes\/electron\/?page_id=91"},"modified":"2023-12-04T22:31:55","modified_gmt":"2023-12-04T21:31:55","slug":"testimonals","status":"publish","type":"page","link":"https:\/\/torcymages.com\/index.php\/testimonals\/","title":{"rendered":"T\u00e9moignages"},"content":{"rendered":"<div class=\"wpb-content-wrapper\"><p>[vc_row][vc_column][vc_column_text]<\/p>\n<h2 style=\"text-align: center;\">T\u00c9MOIGNAGES<\/h2>\n<p style=\"text-align: center;\">Si vous souhaitez ajouter votre t\u00e9moignage, utilisez la rubrique <strong>Nous Contacter<\/strong>.<\/p>\n<p>[\/vc_column_text]<div class=\"quotes text-center\"><div class=\"sqaureIconSec\"><i class=\"fa fa-quote-left\"><\/i><\/div>\n\n                    <div id=\"testimonial-slider\" class=\"carousel slide carousel-fade\" data-ride=\"carousel\">\n                        <!-- Wrapper for slides -->\n                        <div class=\"carousel-inner text-center\">\n                        <div class=\"item active\">\n                                <h4>Tous les courts-m\u00e9trages ont beaucoup de sens<\/h4>\n                                <p>Je suis Creusotine et je viens tous les ans car c\u2019est est toujours int\u00e9ressant. Avec les restrictions qu\u2019on a v\u00e9cues \u00e0 cause de la crise sanitaire, \u00e7a fait du bien de se retrouver, de voir les montages dans une salle avec du public. Tous les courts-m\u00e9trages de cette \u00e9dition ont beaucoup de sens. C\u2019est une belle s\u00e9lection. J\u2019ai aim\u00e9 La voix : deux personnes communiquent sans se conna\u00eetre, se suivent, sont attir\u00e9es, se rencontrent. C\u2019est tr\u00e8s beau. On comprend qu\u2019il ne faut pas s\u2019arr\u00eater aux apparences.<\/p>\n                                <span><strong>Anonyme<\/strong>Spectatrice<\/span>\n\n                            <\/div><!-- end item --><div class=\"item\">\n                                <h4>On a vu toute la boucle avec plaisir. \u00c7a ressemble au cin\u00e9ma<\/h4>\n                                <p>C\u2019est la premi\u00e8re fois qu\u2019on vient. J\u2019ai voulu faire une sortie avec ma grand-m\u00e8re. On a vu toute la boucle avec plaisir. \u00c7a ressemble au cin\u00e9ma. J\u2019ai beaucoup aim\u00e9 Iris. Je me sentais \u00e0 la place du jeune qui \u00e9volue dans l\u2019intelligence artificielle m\u00eame si ensuite elle prend le pouvoir sur lui. Mamy a pr\u00e9f\u00e9r\u00e9 Kiki. Le m\u00e9lange entre les b\u00e2timents des grandes villes et le petit oiseau qui a peur du monde, entre animation comme un dessin anim\u00e9 et vie r\u00e9elle lui a plu.<\/p>\n                                <span><strong>Anonyme<\/strong>Spectateur<\/span>\n\n                            <\/div><!-- end item --><div class=\"item\">\n                                <h4>J\u2019ai eu beaucoup de mal \u00e0 choisir<\/h4>\n                                <p>Papy fait partie de Torcymages. Je suis venue pour l\u2019aider et regarder les films. J\u2019ai eu beaucoup de mal \u00e0 choisir et \u00e0 donner mes notes de 5 \u00e0 8. Mes pr\u00e9f\u00e9r\u00e9s sont : La voix parce qu\u2019ils se trompent de num\u00e9ro de t\u00e9l\u00e9phone et \u00e7a finit bien et Irr\u00e9prochable , c\u2019est dr\u00f4le. Ils se moquent du Covid-19. La moins bonne note, je l\u2019ai mise \u00e0 Houseboat , qui est vraiment plus difficile \u00e0 comprendre et je n\u2019ai pas aim\u00e9 qu\u2019\u00e0 la fin le personnage tue quelqu\u2019un.<\/p>\n                                <span><strong>Anonyme<\/strong>Spectatrice<\/span>\n\n                            <\/div><!-- end item --><div class=\"item\">\n                                <h4>Les films sur le harc\u00e8lement m\u2019ont beaucoup touch\u00e9e<\/h4>\n                                <p>Chacun peut trouver le film qui va correspondre \u00e0 sa sensibilit\u00e9. Vu la vari\u00e9t\u00e9 des th\u00e8mes, on se sent forc\u00e9ment concern\u00e9s par plusieurs sujets de courts-m\u00e9trages. Les films sur le harc\u00e8lement m\u2019ont beaucoup touch\u00e9e. Ces jeunes ados harcel\u00e9s qui n\u2019osent pas parler, c\u2019est un sujet tellement difficile et actuel. Par manque de communication, ils n\u2019arrivent pas \u00e0 s\u2019en sortir. Ils en viennent au geste fatal alors qu\u2019il y a des personnes et des services qui peuvent les aider.<\/p>\n                                <span><strong>Anonyme<\/strong>Spectatrice<\/span>\n\n                            <\/div><!-- end item -->\n                        <!-- Indicators -->\n                            <ol class=\"carousel-indicators\">\n                               <li data-target=\"#testimonial-slider\" data-slide-to=\"0\" class=\"active\"><\/li><li data-target=\"#testimonial-slider\" data-slide-to=\"1\"><\/li><li data-target=\"#testimonial-slider\" data-slide-to=\"2\"><\/li><li data-target=\"#testimonial-slider\" data-slide-to=\"3\"><\/li>\n                            <\/ol>\n\n                        <\/div><!-- end carousel-inner -->\n                    <\/div><!-- end testimonial-slider --><\/div>[\/vc_column][\/vc_row]<\/p>\n<\/div>","protected":false},"excerpt":{"rendered":"<p>[vc_row][vc_column][vc_column_text] T\u00c9MOIGNAGES Si vous souhaitez ajouter votre t\u00e9moignage, utilisez la rubrique Nous Contacter. [\/vc_column_text][\/vc_column][\/vc_row]<\/p>\n","protected":false},"author":1,"featured_media":0,"parent":0,"menu_order":0,"comment_status":"closed","ping_status":"closed","template":"","meta":{"footnotes":""},"class_list":["post-91","page","type-page","status-publish","hentry"],"yoast_head":"<!-- This site is optimized with the Yoast SEO plugin v26.9 - https:\/\/yoast.com\/product\/yoast-seo-wordpress\/ -->\n<title>T\u00e9moignages - Torcymages<\/title>\n<meta name=\"robots\" content=\"index, follow, max-snippet:-1, max-image-preview:large, max-video-preview:-1\" \/>\n<link rel=\"canonical\" href=\"https:\/\/torcymages.com\/index.php\/testimonals\/\" \/>\n<meta property=\"og:locale\" content=\"fr_FR\" \/>\n<meta property=\"og:type\" content=\"article\" \/>\n<meta property=\"og:title\" content=\"T\u00e9moignages - Torcymages\" \/>\n<meta property=\"og:description\" content=\"[vc_row][vc_column][vc_column_text] T\u00c9MOIGNAGES Si vous souhaitez ajouter votre t\u00e9moignage, utilisez la rubrique Nous Contacter. [\/vc_column_text][\/vc_column][\/vc_row]\" \/>\n<meta property=\"og:url\" content=\"https:\/\/torcymages.com\/index.php\/testimonals\/\" \/>\n<meta property=\"og:site_name\" content=\"Torcymages\" \/>\n<meta property=\"article:modified_time\" content=\"2023-12-04T21:31:55+00:00\" \/>\n<meta name=\"twitter:card\" content=\"summary_large_image\" \/>\n<meta name=\"twitter:label1\" content=\"Dur\u00e9e de lecture estim\u00e9e\" \/>\n\t<meta name=\"twitter:data1\" content=\"3 minutes\" \/>\n<script type=\"application\/ld+json\" class=\"yoast-schema-graph\">{\"@context\":\"https:\/\/schema.org\",\"@graph\":[{\"@type\":\"WebPage\",\"@id\":\"https:\/\/torcymages.com\/index.php\/testimonals\/\",\"url\":\"https:\/\/torcymages.com\/index.php\/testimonals\/\",\"name\":\"T\u00e9moignages - Torcymages\",\"isPartOf\":{\"@id\":\"https:\/\/torcymages.com\/#website\"},\"datePublished\":\"2016-01-29T15:17:24+00:00\",\"dateModified\":\"2023-12-04T21:31:55+00:00\",\"breadcrumb\":{\"@id\":\"https:\/\/torcymages.com\/index.php\/testimonals\/#breadcrumb\"},\"inLanguage\":\"fr-FR\",\"potentialAction\":[{\"@type\":\"ReadAction\",\"target\":[\"https:\/\/torcymages.com\/index.php\/testimonals\/\"]}]},{\"@type\":\"BreadcrumbList\",\"@id\":\"https:\/\/torcymages.com\/index.php\/testimonals\/#breadcrumb\",\"itemListElement\":[{\"@type\":\"ListItem\",\"position\":1,\"name\":\"Accueil\",\"item\":\"https:\/\/torcymages.com\/\"},{\"@type\":\"ListItem\",\"position\":2,\"name\":\"T\u00e9moignages\"}]},{\"@type\":\"WebSite\",\"@id\":\"https:\/\/torcymages.com\/#website\",\"url\":\"https:\/\/torcymages.com\/\",\"name\":\"Torcymages\",\"description\":\"34\u00e8me festival du court m\u00e9trage amateur de Torcy (71)\",\"potentialAction\":[{\"@type\":\"SearchAction\",\"target\":{\"@type\":\"EntryPoint\",\"urlTemplate\":\"https:\/\/torcymages.com\/?s={search_term_string}\"},\"query-input\":{\"@type\":\"PropertyValueSpecification\",\"valueRequired\":true,\"valueName\":\"search_term_string\"}}],\"inLanguage\":\"fr-FR\"}]}<\/script>\n<!-- \/ Yoast SEO plugin. -->","yoast_head_json":{"title":"T\u00e9moignages - Torcymages","robots":{"index":"index","follow":"follow","max-snippet":"max-snippet:-1","max-image-preview":"max-image-preview:large","max-video-preview":"max-video-preview:-1"},"canonical":"https:\/\/torcymages.com\/index.php\/testimonals\/","og_locale":"fr_FR","og_type":"article","og_title":"T\u00e9moignages - Torcymages","og_description":"[vc_row][vc_column][vc_column_text] T\u00c9MOIGNAGES Si vous souhaitez ajouter votre t\u00e9moignage, utilisez la rubrique Nous Contacter. [\/vc_column_text][\/vc_column][\/vc_row]","og_url":"https:\/\/torcymages.com\/index.php\/testimonals\/","og_site_name":"Torcymages","article_modified_time":"2023-12-04T21:31:55+00:00","twitter_card":"summary_large_image","twitter_misc":{"Dur\u00e9e de lecture estim\u00e9e":"3 minutes"},"schema":{"@context":"https:\/\/schema.org","@graph":[{"@type":"WebPage","@id":"https:\/\/torcymages.com\/index.php\/testimonals\/","url":"https:\/\/torcymages.com\/index.php\/testimonals\/","name":"T\u00e9moignages - Torcymages","isPartOf":{"@id":"https:\/\/torcymages.com\/#website"},"datePublished":"2016-01-29T15:17:24+00:00","dateModified":"2023-12-04T21:31:55+00:00","breadcrumb":{"@id":"https:\/\/torcymages.com\/index.php\/testimonals\/#breadcrumb"},"inLanguage":"fr-FR","potentialAction":[{"@type":"ReadAction","target":["https:\/\/torcymages.com\/index.php\/testimonals\/"]}]},{"@type":"BreadcrumbList","@id":"https:\/\/torcymages.com\/index.php\/testimonals\/#breadcrumb","itemListElement":[{"@type":"ListItem","position":1,"name":"Accueil","item":"https:\/\/torcymages.com\/"},{"@type":"ListItem","position":2,"name":"T\u00e9moignages"}]},{"@type":"WebSite","@id":"https:\/\/torcymages.com\/#website","url":"https:\/\/torcymages.com\/","name":"Torcymages","description":"34\u00e8me festival du court m\u00e9trage amateur de Torcy (71)","potentialAction":[{"@type":"SearchAction","target":{"@type":"EntryPoint","urlTemplate":"https:\/\/torcymages.com\/?s={search_term_string}"},"query-input":{"@type":"PropertyValueSpecification","valueRequired":true,"valueName":"search_term_string"}}],"inLanguage":"fr-FR"}]}},"_links":{"self":[{"href":"https:\/\/torcymages.com\/index.php\/wp-json\/wp\/v2\/pages\/91","targetHints":{"allow":["GET"]}}],"collection":[{"href":"https:\/\/torcymages.com\/index.php\/wp-json\/wp\/v2\/pages"}],"about":[{"href":"https:\/\/torcymages.com\/index.php\/wp-json\/wp\/v2\/types\/page"}],"author":[{"embeddable":true,"href":"https:\/\/torcymages.com\/index.php\/wp-json\/wp\/v2\/users\/1"}],"replies":[{"embeddable":true,"href":"https:\/\/torcymages.com\/index.php\/wp-json\/wp\/v2\/comments?post=91"}],"version-history":[{"count":7,"href":"https:\/\/torcymages.com\/index.php\/wp-json\/wp\/v2\/pages\/91\/revisions"}],"predecessor-version":[{"id":441,"href":"https:\/\/torcymages.com\/index.php\/wp-json\/wp\/v2\/pages\/91\/revisions\/441"}],"wp:attachment":[{"href":"https:\/\/torcymages.com\/index.php\/wp-json\/wp\/v2\/media?parent=91"}],"curies":[{"name":"wp","href":"https:\/\/api.w.org\/{rel}","templated":true}]}}