{"id":574,"date":"2025-06-18T11:17:46","date_gmt":"2025-06-18T09:17:46","guid":{"rendered":"https:\/\/torcymages.com\/?page_id=574"},"modified":"2025-06-18T11:24:10","modified_gmt":"2025-06-18T09:24:10","slug":"mentions-legales","status":"publish","type":"page","link":"https:\/\/torcymages.com\/index.php\/mentions-legales\/","title":{"rendered":"Mentions L\u00e9gales"},"content":{"rendered":"<div class=\"wpb-content-wrapper\"><p>[vc_row][vc_column][vc_column_text]<\/p>\n<div id=\"ohio-custom-68506085bdc87\" class=\"ohio-text-sc \">\n<h3 class=\"h2_750\" style=\"text-align: center;\">Torcymages<\/h3>\n<p style=\"text-align: center;\">Mairie de Torcy<br \/>\n4 Place de la R\u00e9publique<br \/>\n71210 TORCY<\/p>\n<p style=\"text-align: center;\">N\u00b0 SIRET : 793 589 730 00019<\/p>\n<div class=\"block750\" style=\"text-align: center;\">\n<p>_<\/p>\n<\/div>\n<h3 class=\"h2_750\" style=\"text-align: center;\">Webmaster<\/h3>\n<div class=\"block750\" style=\"text-align: center;\">\n<p>S\u00e9bastien Landr\u00e9<br \/>\n<a href=\"mailto:sebastien.landre@laposte.net\">sebastien.landre@laposte.net<\/a><br \/>\n<a href=\"https:\/\/www.sebastienlandre.com\"><strong>www.sebastienlandre.com<\/strong><\/a><\/p>\n<\/div>\n<div class=\"block750\" style=\"text-align: center;\">\n<p>_<\/p>\n<\/div>\n<h3 class=\"h2_750\" style=\"text-align: center;\">H\u00e9bergement Web<\/h3>\n<div class=\"block750\" style=\"text-align: center;\">\n<p><span class=\"mail\"><strong><a href=\"https:\/\/www.hostinger.fr\/\">Hostinger.fr<\/a><\/strong><\/span><\/p>\n<\/div>\n<\/div>\n<p>[\/vc_column_text][\/vc_column][\/vc_row]<\/p>\n<\/div>","protected":false},"excerpt":{"rendered":"<p>[vc_row][vc_column][vc_column_text] Torcymages Mairie de Torcy 4 Place de la R\u00e9publique 71210 TORCY N\u00b0 SIRET : 793 589 730 00019 _ Webmaster S\u00e9bastien Landr\u00e9 sebastien.landre@laposte.net www.sebastienlandre.com _ H\u00e9bergement Web Hostinger.fr [\/vc_column_text][\/vc_column][\/vc_row]<\/p>\n","protected":false},"author":1,"featured_media":0,"parent":0,"menu_order":0,"comment_status":"closed","ping_status":"closed","template":"","meta":{"footnotes":""},"class_list":["post-574","page","type-page","status-publish","hentry"],"yoast_head":"<!-- This site is optimized with the Yoast SEO plugin v26.9 - https:\/\/yoast.com\/product\/yoast-seo-wordpress\/ -->\n<title>Mentions L\u00e9gales - Torcymages<\/title>\n<meta name=\"robots\" content=\"index, follow, max-snippet:-1, max-image-preview:large, max-video-preview:-1\" \/>\n<link rel=\"canonical\" href=\"https:\/\/torcymages.com\/index.php\/mentions-legales\/\" \/>\n<meta property=\"og:locale\" content=\"fr_FR\" \/>\n<meta property=\"og:type\" content=\"article\" \/>\n<meta property=\"og:title\" content=\"Mentions L\u00e9gales - Torcymages\" \/>\n<meta property=\"og:description\" content=\"[vc_row][vc_column][vc_column_text] Torcymages Mairie de Torcy 4 Place de la R\u00e9publique 71210 TORCY N\u00b0 SIRET : 793 589 730 00019 _ Webmaster S\u00e9bastien Landr\u00e9 sebastien.landre@laposte.net www.sebastienlandre.com _ H\u00e9bergement Web Hostinger.fr [\/vc_column_text][\/vc_column][\/vc_row]\" \/>\n<meta property=\"og:url\" content=\"https:\/\/torcymages.com\/index.php\/mentions-legales\/\" \/>\n<meta property=\"og:site_name\" content=\"Torcymages\" \/>\n<meta property=\"article:modified_time\" content=\"2025-06-18T09:24:10+00:00\" \/>\n<meta name=\"twitter:card\" content=\"summary_large_image\" \/>\n<meta name=\"twitter:label1\" content=\"Dur\u00e9e de lecture estim\u00e9e\" \/>\n\t<meta name=\"twitter:data1\" content=\"1 minute\" \/>\n<script type=\"application\/ld+json\" class=\"yoast-schema-graph\">{\"@context\":\"https:\/\/schema.org\",\"@graph\":[{\"@type\":\"WebPage\",\"@id\":\"https:\/\/torcymages.com\/index.php\/mentions-legales\/\",\"url\":\"https:\/\/torcymages.com\/index.php\/mentions-legales\/\",\"name\":\"Mentions L\u00e9gales - Torcymages\",\"isPartOf\":{\"@id\":\"https:\/\/torcymages.com\/#website\"},\"datePublished\":\"2025-06-18T09:17:46+00:00\",\"dateModified\":\"2025-06-18T09:24:10+00:00\",\"breadcrumb\":{\"@id\":\"https:\/\/torcymages.com\/index.php\/mentions-legales\/#breadcrumb\"},\"inLanguage\":\"fr-FR\",\"potentialAction\":[{\"@type\":\"ReadAction\",\"target\":[\"https:\/\/torcymages.com\/index.php\/mentions-legales\/\"]}]},{\"@type\":\"BreadcrumbList\",\"@id\":\"https:\/\/torcymages.com\/index.php\/mentions-legales\/#breadcrumb\",\"itemListElement\":[{\"@type\":\"ListItem\",\"position\":1,\"name\":\"Accueil\",\"item\":\"https:\/\/torcymages.com\/\"},{\"@type\":\"ListItem\",\"position\":2,\"name\":\"Mentions L\u00e9gales\"}]},{\"@type\":\"WebSite\",\"@id\":\"https:\/\/torcymages.com\/#website\",\"url\":\"https:\/\/torcymages.com\/\",\"name\":\"Torcymages\",\"description\":\"34\u00e8me festival du court m\u00e9trage amateur de Torcy (71)\",\"potentialAction\":[{\"@type\":\"SearchAction\",\"target\":{\"@type\":\"EntryPoint\",\"urlTemplate\":\"https:\/\/torcymages.com\/?s={search_term_string}\"},\"query-input\":{\"@type\":\"PropertyValueSpecification\",\"valueRequired\":true,\"valueName\":\"search_term_string\"}}],\"inLanguage\":\"fr-FR\"}]}<\/script>\n<!-- \/ Yoast SEO plugin. -->","yoast_head_json":{"title":"Mentions L\u00e9gales - Torcymages","robots":{"index":"index","follow":"follow","max-snippet":"max-snippet:-1","max-image-preview":"max-image-preview:large","max-video-preview":"max-video-preview:-1"},"canonical":"https:\/\/torcymages.com\/index.php\/mentions-legales\/","og_locale":"fr_FR","og_type":"article","og_title":"Mentions L\u00e9gales - Torcymages","og_description":"[vc_row][vc_column][vc_column_text] Torcymages Mairie de Torcy 4 Place de la R\u00e9publique 71210 TORCY N\u00b0 SIRET : 793 589 730 00019 _ Webmaster S\u00e9bastien Landr\u00e9 sebastien.landre@laposte.net www.sebastienlandre.com _ H\u00e9bergement Web Hostinger.fr [\/vc_column_text][\/vc_column][\/vc_row]","og_url":"https:\/\/torcymages.com\/index.php\/mentions-legales\/","og_site_name":"Torcymages","article_modified_time":"2025-06-18T09:24:10+00:00","twitter_card":"summary_large_image","twitter_misc":{"Dur\u00e9e de lecture estim\u00e9e":"1 minute"},"schema":{"@context":"https:\/\/schema.org","@graph":[{"@type":"WebPage","@id":"https:\/\/torcymages.com\/index.php\/mentions-legales\/","url":"https:\/\/torcymages.com\/index.php\/mentions-legales\/","name":"Mentions L\u00e9gales - Torcymages","isPartOf":{"@id":"https:\/\/torcymages.com\/#website"},"datePublished":"2025-06-18T09:17:46+00:00","dateModified":"2025-06-18T09:24:10+00:00","breadcrumb":{"@id":"https:\/\/torcymages.com\/index.php\/mentions-legales\/#breadcrumb"},"inLanguage":"fr-FR","potentialAction":[{"@type":"ReadAction","target":["https:\/\/torcymages.com\/index.php\/mentions-legales\/"]}]},{"@type":"BreadcrumbList","@id":"https:\/\/torcymages.com\/index.php\/mentions-legales\/#breadcrumb","itemListElement":[{"@type":"ListItem","position":1,"name":"Accueil","item":"https:\/\/torcymages.com\/"},{"@type":"ListItem","position":2,"name":"Mentions L\u00e9gales"}]},{"@type":"WebSite","@id":"https:\/\/torcymages.com\/#website","url":"https:\/\/torcymages.com\/","name":"Torcymages","description":"34\u00e8me festival du court m\u00e9trage amateur de Torcy (71)","potentialAction":[{"@type":"SearchAction","target":{"@type":"EntryPoint","urlTemplate":"https:\/\/torcymages.com\/?s={search_term_string}"},"query-input":{"@type":"PropertyValueSpecification","valueRequired":true,"valueName":"search_term_string"}}],"inLanguage":"fr-FR"}]}},"_links":{"self":[{"href":"https:\/\/torcymages.com\/index.php\/wp-json\/wp\/v2\/pages\/574","targetHints":{"allow":["GET"]}}],"collection":[{"href":"https:\/\/torcymages.com\/index.php\/wp-json\/wp\/v2\/pages"}],"about":[{"href":"https:\/\/torcymages.com\/index.php\/wp-json\/wp\/v2\/types\/page"}],"author":[{"embeddable":true,"href":"https:\/\/torcymages.com\/index.php\/wp-json\/wp\/v2\/users\/1"}],"replies":[{"embeddable":true,"href":"https:\/\/torcymages.com\/index.php\/wp-json\/wp\/v2\/comments?post=574"}],"version-history":[{"count":5,"href":"https:\/\/torcymages.com\/index.php\/wp-json\/wp\/v2\/pages\/574\/revisions"}],"predecessor-version":[{"id":579,"href":"https:\/\/torcymages.com\/index.php\/wp-json\/wp\/v2\/pages\/574\/revisions\/579"}],"wp:attachment":[{"href":"https:\/\/torcymages.com\/index.php\/wp-json\/wp\/v2\/media?parent=574"}],"curies":[{"name":"wp","href":"https:\/\/api.w.org\/{rel}","templated":true}]}}