{"id":57,"date":"2016-01-28T18:36:21","date_gmt":"2016-01-28T18:36:21","guid":{"rendered":"http:\/\/event-theme.com\/themes\/electron\/?page_id=57"},"modified":"2023-12-04T22:41:42","modified_gmt":"2023-12-04T21:41:42","slug":"actualite","status":"publish","type":"page","link":"https:\/\/torcymages.com\/index.php\/actualite\/","title":{"rendered":"Notre Actualit\u00e9"},"content":{"rendered":"<div class=\"wpb-content-wrapper\"><p>[vc_row][vc_column][vc_column_text]<\/p>\n<h2 style=\"text-align: center;\">NOTRE ACTUALIT\u00c9<\/h2>\n<div class=\"col-lg-8 col-lg-offset-2 col-md-10 col-md-offset-1 col-sm-12\">\n<p class=\"text-center\" style=\"text-align: center;\">Suivez l&rsquo;actualit\u00e9 de <strong>Torcymages<\/strong>.<\/p>\n<\/div>\n<p>[\/vc_column_text][\/vc_column][\/vc_row][vc_row][vc_column][vc_empty_space height=\u00a0\u00bb40px\u00a0\u00bb]<div id=\"upcoming\" class=\"owl-carousel upcoming\" data-autoplay=\"no\" data-column=\"4\"  data-control=\"yes\">\r\n                    <div class=\"item\">\r\n                                        <div class=\"img\">\r\n                                                <img decoding=\"async\" src=\"https:\/\/torcymages.com\/wp-content\/uploads\/2026\/02\/Torcymages-343x343.jpeg\" alt=\"Palmar\u00e8s 2026 pour Torcymages\">\r\n                        <a class=\"sqaureIconPrime\" href=\"https:\/\/torcymages.com\/index.php\/2026\/02\/23\/palmares-2026-pour-torcymages\/\" title=\"Palmar\u00e8s 2026 pour Torcymages\"> <i class=\"fa fa-link\"><\/i> <\/a>\r\n                    <\/div>\r\n                                        <div class=\"info\">\r\n                        <h6 class=\"title hide-border-no\">Palmar\u00e8s 2026 pour Torcymages<\/h6>\r\n                                                <i class=\"fa fa-calendar\"><\/i> \r\n                        23 F\u00e9v, 2026                                            <\/div>\r\n                <\/div><!-- end -->\r\n                            <div class=\"item\">\r\n                                        <div class=\"img\">\r\n                                                <img decoding=\"async\" src=\"https:\/\/torcymages.com\/wp-content\/uploads\/2023\/12\/Selection-Torcymages-2022-343x343.jpg\" alt=\"S\u00e9lection 2026\">\r\n                        <a class=\"sqaureIconPrime\" href=\"https:\/\/torcymages.com\/index.php\/2026\/02\/06\/selection-2026\/\" title=\"S\u00e9lection 2026\"> <i class=\"fa fa-link\"><\/i> <\/a>\r\n                    <\/div>\r\n                                        <div class=\"info\">\r\n                        <h6 class=\"title hide-border-no\">S\u00e9lection 2026<\/h6>\r\n                                                <i class=\"fa fa-calendar\"><\/i> \r\n                        06 F\u00e9v, 2026                                            <\/div>\r\n                <\/div><!-- end -->\r\n                            <div class=\"item\">\r\n                                        <div class=\"img\">\r\n                                                <img decoding=\"async\" src=\"https:\/\/torcymages.com\/wp-content\/uploads\/2023\/12\/Accueil-Torcymages-1-343x343.jpg\" alt=\"Palmar\u00e8s officiel de Torcymages 2025\">\r\n                        <a class=\"sqaureIconPrime\" href=\"https:\/\/torcymages.com\/index.php\/2025\/02\/24\/palmares-officiel-de-torcymages-2025\/\" title=\"Palmar\u00e8s officiel de Torcymages 2025\"> <i class=\"fa fa-link\"><\/i> <\/a>\r\n                    <\/div>\r\n                                        <div class=\"info\">\r\n                        <h6 class=\"title hide-border-no\">Palmar\u00e8s officiel de Torcymages 2025<\/h6>\r\n                                                <i class=\"fa fa-calendar\"><\/i> \r\n                        24 F\u00e9v, 2025                                            <\/div>\r\n                <\/div><!-- end -->\r\n                            <div class=\"item\">\r\n                                        <div class=\"img\">\r\n                                                <img decoding=\"async\" src=\"https:\/\/torcymages.com\/wp-content\/uploads\/2023\/12\/Palmares-343x343.jpg\" alt=\"Palmar\u00e8s de l&rsquo;\u00e9dition 2024\">\r\n                        <a class=\"sqaureIconPrime\" href=\"https:\/\/torcymages.com\/index.php\/2024\/02\/27\/palmares-de-ledition-2024\/\" title=\"Palmar\u00e8s de l&rsquo;\u00e9dition 2024\"> <i class=\"fa fa-link\"><\/i> <\/a>\r\n                    <\/div>\r\n                                        <div class=\"info\">\r\n                        <h6 class=\"title hide-border-no\">Palmar\u00e8s de l&rsquo;\u00e9dition 2024<\/h6>\r\n                                                <i class=\"fa fa-calendar\"><\/i> \r\n                        27 F\u00e9v, 2024                                            <\/div>\r\n                <\/div><!-- end -->\r\n                            <div class=\"item\">\r\n                                        <div class=\"img\">\r\n                                                <img decoding=\"async\" src=\"https:\/\/torcymages.com\/wp-content\/uploads\/2023\/12\/Selection-2019-343x343.jpg\" alt=\"S\u00e9lection 2024\">\r\n                        <a class=\"sqaureIconPrime\" href=\"https:\/\/torcymages.com\/index.php\/2024\/02\/05\/selection-2024\/\" title=\"S\u00e9lection 2024\"> <i class=\"fa fa-link\"><\/i> <\/a>\r\n                    <\/div>\r\n                                        <div class=\"info\">\r\n                        <h6 class=\"title hide-border-no\">S\u00e9lection 2024<\/h6>\r\n                                                <i class=\"fa fa-calendar\"><\/i> \r\n                        05 F\u00e9v, 2024                                            <\/div>\r\n                <\/div><!-- end -->\r\n                            <div class=\"item\">\r\n                                        <div class=\"img\">\r\n                                                <img decoding=\"async\" src=\"https:\/\/torcymages.com\/wp-content\/uploads\/2023\/12\/Torycmages-2023-343x343.jpg\" alt=\"L&rsquo;article du JSL post-festival\">\r\n                        <a class=\"sqaureIconPrime\" href=\"https:\/\/torcymages.com\/index.php\/2023\/03\/09\/larticle-du-jsl-post-festival\/\" title=\"L&rsquo;article du JSL post-festival\"> <i class=\"fa fa-link\"><\/i> <\/a>\r\n                    <\/div>\r\n                                        <div class=\"info\">\r\n                        <h6 class=\"title hide-border-no\">L&rsquo;article du JSL post-festival<\/h6>\r\n                                                <i class=\"fa fa-calendar\"><\/i> \r\n                        09 Mar, 2023                                            <\/div>\r\n                <\/div><!-- end -->\r\n                            <div class=\"item\">\r\n                                        <div class=\"img\">\r\n                                                <img decoding=\"async\" src=\"https:\/\/torcymages.com\/wp-content\/uploads\/2023\/12\/Selection-2019-343x343.jpg\" alt=\"Palmar\u00e8s officiel de Torcymages 2023\">\r\n                        <a class=\"sqaureIconPrime\" href=\"https:\/\/torcymages.com\/index.php\/2023\/02\/27\/palmares-officiel-de-torcymages-2023\/\" title=\"Palmar\u00e8s officiel de Torcymages 2023\"> <i class=\"fa fa-link\"><\/i> <\/a>\r\n                    <\/div>\r\n                                        <div class=\"info\">\r\n                        <h6 class=\"title hide-border-no\">Palmar\u00e8s officiel de Torcymages 2023<\/h6>\r\n                                                <i class=\"fa fa-calendar\"><\/i> \r\n                        27 F\u00e9v, 2023                                            <\/div>\r\n                <\/div><!-- end -->\r\n                            <div class=\"item\">\r\n                                        <div class=\"img\">\r\n                                                <img decoding=\"async\" src=\"https:\/\/torcymages.com\/wp-content\/uploads\/2023\/12\/02-03-2022_-_JSL_-_Torcy_-_Torcymages_2022__une_cuvee_grand_cru_pour_le_30e_festival_pdf-2-343x343.png\" alt=\"Article du JSL: mercredi 2 mars 2022\">\r\n                        <a class=\"sqaureIconPrime\" href=\"https:\/\/torcymages.com\/index.php\/2022\/03\/08\/article-du-jsl-mercredi-2-mars-2022\/\" title=\"Article du JSL: mercredi 2 mars 2022\"> <i class=\"fa fa-link\"><\/i> <\/a>\r\n                    <\/div>\r\n                                        <div class=\"info\">\r\n                        <h6 class=\"title hide-border-no\">Article du JSL: mercredi 2 mars 2022<\/h6>\r\n                                                <i class=\"fa fa-calendar\"><\/i> \r\n                        08 Mar, 2022                                            <\/div>\r\n                <\/div><!-- end -->\r\n                            <div class=\"item\">\r\n                                        <div class=\"img\">\r\n                                                <img decoding=\"async\" src=\"https:\/\/torcymages.com\/wp-content\/uploads\/2023\/12\/Accueil-Torcymages-1-343x343.jpg\" alt=\"Palmar\u00e8s officiel de Torcymages 2022\">\r\n                        <a class=\"sqaureIconPrime\" href=\"https:\/\/torcymages.com\/index.php\/2022\/02\/28\/palmares-officiel-de-torcymages-2022\/\" title=\"Palmar\u00e8s officiel de Torcymages 2022\"> <i class=\"fa fa-link\"><\/i> <\/a>\r\n                    <\/div>\r\n                                        <div class=\"info\">\r\n                        <h6 class=\"title hide-border-no\">Palmar\u00e8s officiel de Torcymages 2022<\/h6>\r\n                                                <i class=\"fa fa-calendar\"><\/i> \r\n                        28 F\u00e9v, 2022                                            <\/div>\r\n                <\/div><!-- end -->\r\n                            <div class=\"item\">\r\n                                        <div class=\"img\">\r\n                                                <img decoding=\"async\" src=\"https:\/\/torcymages.com\/wp-content\/uploads\/2023\/12\/Selection-Torcymages-2022-343x343.jpg\" alt=\"S\u00e9lection 2022 d\u00e9voil\u00e9e\">\r\n                        <a class=\"sqaureIconPrime\" href=\"https:\/\/torcymages.com\/index.php\/2022\/02\/10\/selection-2022-devoilee\/\" title=\"S\u00e9lection 2022 d\u00e9voil\u00e9e\"> <i class=\"fa fa-link\"><\/i> <\/a>\r\n                    <\/div>\r\n                                        <div class=\"info\">\r\n                        <h6 class=\"title hide-border-no\">S\u00e9lection 2022 d\u00e9voil\u00e9e<\/h6>\r\n                                                <i class=\"fa fa-calendar\"><\/i> \r\n                        10 F\u00e9v, 2022                                            <\/div>\r\n                <\/div><!-- end -->\r\n                            <div class=\"item\">\r\n                                        <div class=\"img\">\r\n                                                <img decoding=\"async\" src=\"https:\/\/torcymages.com\/wp-content\/uploads\/2023\/12\/Torcymages-2020-343x343.png\" alt=\"Torcymages: l&rsquo;\u00e9dition 2020 se pr\u00e9pare&#8230;\">\r\n                        <a class=\"sqaureIconPrime\" href=\"https:\/\/torcymages.com\/index.php\/2019\/05\/10\/torcymages-ledition-2020-se-prepare\/\" title=\"Torcymages: l&rsquo;\u00e9dition 2020 se pr\u00e9pare&#8230;\"> <i class=\"fa fa-link\"><\/i> <\/a>\r\n                    <\/div>\r\n                                        <div class=\"info\">\r\n                        <h6 class=\"title hide-border-no\">Torcymages: l&rsquo;\u00e9dition 2020 se pr\u00e9pare&#8230;<\/h6>\r\n                                                <i class=\"fa fa-calendar\"><\/i> \r\n                        10 Mai, 2019                                            <\/div>\r\n                <\/div><!-- end -->\r\n                            <div class=\"item\">\r\n                                        <div class=\"img\">\r\n                                                <img decoding=\"async\" src=\"https:\/\/torcymages.com\/wp-content\/uploads\/2023\/12\/Torcymages-1-343x343.jpg\" alt=\"Palmar\u00e8s officiel de Torcymages 2019\">\r\n                        <a class=\"sqaureIconPrime\" href=\"https:\/\/torcymages.com\/index.php\/2019\/02\/26\/palmares-officiel-de-torcymages-2019\/\" title=\"Palmar\u00e8s officiel de Torcymages 2019\"> <i class=\"fa fa-link\"><\/i> <\/a>\r\n                    <\/div>\r\n                                        <div class=\"info\">\r\n                        <h6 class=\"title hide-border-no\">Palmar\u00e8s officiel de Torcymages 2019<\/h6>\r\n                                                <i class=\"fa fa-calendar\"><\/i> \r\n                        26 F\u00e9v, 2019                                            <\/div>\r\n                <\/div><!-- end -->\r\n                            <div class=\"item\">\r\n                                        <div class=\"img\">\r\n                                                <img decoding=\"async\" src=\"https:\/\/torcymages.com\/wp-content\/uploads\/2023\/12\/Selection-2019-343x343.jpg\" alt=\"S\u00e9lection du Jury 2019 connue\">\r\n                        <a class=\"sqaureIconPrime\" href=\"https:\/\/torcymages.com\/index.php\/2019\/02\/06\/selection-du-jury-2019-connue\/\" title=\"S\u00e9lection du Jury 2019 connue\"> <i class=\"fa fa-link\"><\/i> <\/a>\r\n                    <\/div>\r\n                                        <div class=\"info\">\r\n                        <h6 class=\"title hide-border-no\">S\u00e9lection du Jury 2019 connue<\/h6>\r\n                                                <i class=\"fa fa-calendar\"><\/i> \r\n                        06 F\u00e9v, 2019                                            <\/div>\r\n                <\/div><!-- end -->\r\n                            <div class=\"item\">\r\n                                        <div class=\"img\">\r\n                                                <img decoding=\"async\" src=\"https:\/\/torcymages.com\/wp-content\/uploads\/2023\/12\/Torcymages-343x343.jpg\" alt=\"Torcymages, les d\u00e9tails de l&rsquo;\u00e9dition 2019\">\r\n                        <a class=\"sqaureIconPrime\" href=\"https:\/\/torcymages.com\/index.php\/2018\/05\/01\/torcymages-les-details-de-ledition-2019\/\" title=\"Torcymages, les d\u00e9tails de l&rsquo;\u00e9dition 2019\"> <i class=\"fa fa-link\"><\/i> <\/a>\r\n                    <\/div>\r\n                                        <div class=\"info\">\r\n                        <h6 class=\"title hide-border-no\">Torcymages, les d\u00e9tails de l&rsquo;\u00e9dition 2019<\/h6>\r\n                                                <i class=\"fa fa-calendar\"><\/i> \r\n                        01 Mai, 2018                                            <\/div>\r\n                <\/div><!-- end -->\r\n                            <div class=\"item\">\r\n                                        <div class=\"img\">\r\n                                                <img decoding=\"async\" src=\"https:\/\/torcymages.com\/wp-content\/uploads\/2023\/12\/Palmares-343x343.jpg\" alt=\"Palmar\u00e8s officiel de Torcymages 2018\">\r\n                        <a class=\"sqaureIconPrime\" href=\"https:\/\/torcymages.com\/index.php\/2018\/02\/26\/palmares-officiel-de-torcymages-2018\/\" title=\"Palmar\u00e8s officiel de Torcymages 2018\"> <i class=\"fa fa-link\"><\/i> <\/a>\r\n                    <\/div>\r\n                                        <div class=\"info\">\r\n                        <h6 class=\"title hide-border-no\">Palmar\u00e8s officiel de Torcymages 2018<\/h6>\r\n                                                <i class=\"fa fa-calendar\"><\/i> \r\n                        26 F\u00e9v, 2018                                            <\/div>\r\n                <\/div><!-- end -->\r\n                            <div class=\"item\">\r\n                                        <div class=\"img\">\r\n                                                <img decoding=\"async\" src=\"https:\/\/torcymages.com\/wp-content\/uploads\/2023\/12\/Centre-Culturel-C2-1-343x343.jpg\" alt=\"S\u00e9lection 2018 connue\">\r\n                        <a class=\"sqaureIconPrime\" href=\"https:\/\/torcymages.com\/index.php\/2018\/02\/08\/selection-2018-connue\/\" title=\"S\u00e9lection 2018 connue\"> <i class=\"fa fa-link\"><\/i> <\/a>\r\n                    <\/div>\r\n                                        <div class=\"info\">\r\n                        <h6 class=\"title hide-border-no\">S\u00e9lection 2018 connue<\/h6>\r\n                                                <i class=\"fa fa-calendar\"><\/i> \r\n                        08 F\u00e9v, 2018                                            <\/div>\r\n                <\/div><!-- end -->\r\n                            <div class=\"item\">\r\n                                        <div class=\"img\">\r\n                                                <img decoding=\"async\" src=\"https:\/\/torcymages.com\/wp-content\/uploads\/2023\/12\/Camera-343x343.jpg\" alt=\"Bulletin d&rsquo;inscription 2018 en ligne\">\r\n                        <a class=\"sqaureIconPrime\" href=\"https:\/\/torcymages.com\/index.php\/2017\/06\/14\/bulletin-dinscription-2018-en-ligne\/\" title=\"Bulletin d&rsquo;inscription 2018 en ligne\"> <i class=\"fa fa-link\"><\/i> <\/a>\r\n                    <\/div>\r\n                                        <div class=\"info\">\r\n                        <h6 class=\"title hide-border-no\">Bulletin d&rsquo;inscription 2018 en ligne<\/h6>\r\n                                                <i class=\"fa fa-calendar\"><\/i> \r\n                        14 Juin, 2017                                            <\/div>\r\n                <\/div><!-- end -->\r\n                            <div class=\"item\">\r\n                                        <div class=\"img\">\r\n                                                <img decoding=\"async\" src=\"https:\/\/torcymages.com\/wp-content\/uploads\/2023\/12\/Partenaires-Publicitaires-343x343.jpg\" alt=\"De nouveaux partenaires pour Torcymages\">\r\n                        <a class=\"sqaureIconPrime\" href=\"https:\/\/torcymages.com\/index.php\/2017\/06\/10\/de-nouveaux-partenaires-pour-torcymages\/\" title=\"De nouveaux partenaires pour Torcymages\"> <i class=\"fa fa-link\"><\/i> <\/a>\r\n                    <\/div>\r\n                                        <div class=\"info\">\r\n                        <h6 class=\"title hide-border-no\">De nouveaux partenaires pour Torcymages<\/h6>\r\n                                                <i class=\"fa fa-calendar\"><\/i> \r\n                        10 Juin, 2017                                            <\/div>\r\n                <\/div><!-- end -->\r\n                            <div class=\"item\">\r\n                                        <div class=\"img\">\r\n                                                <img decoding=\"async\" src=\"https:\/\/torcymages.com\/wp-content\/uploads\/2023\/12\/Sebastien_Landre_\u2013_Creation_de_Site_Internet_Le_Breuil__Le_Creusot-343x343.png\" alt=\"Refonte du site Torcymages\">\r\n                        <a class=\"sqaureIconPrime\" href=\"https:\/\/torcymages.com\/index.php\/2017\/06\/08\/refonte-du-site-torcymages\/\" title=\"Refonte du site Torcymages\"> <i class=\"fa fa-link\"><\/i> <\/a>\r\n                    <\/div>\r\n                                        <div class=\"info\">\r\n                        <h6 class=\"title hide-border-no\">Refonte du site Torcymages<\/h6>\r\n                                                <i class=\"fa fa-calendar\"><\/i> \r\n                        08 Juin, 2017                                            <\/div>\r\n                <\/div><!-- end -->\r\n            <\/div><!-- end-carousel -->[vc_empty_space][\/vc_column][\/vc_row]<\/p>\n<\/div>","protected":false},"excerpt":{"rendered":"<p>[vc_row][vc_column][vc_column_text] NOTRE ACTUALIT\u00c9 Suivez l&rsquo;actualit\u00e9 de Torcymages. [\/vc_column_text][\/vc_column][\/vc_row][vc_row][vc_column][vc_empty_space height=\u00a0\u00bb40px\u00a0\u00bb][vc_empty_space][\/vc_column][\/vc_row]<\/p>\n","protected":false},"author":1,"featured_media":0,"parent":0,"menu_order":0,"comment_status":"closed","ping_status":"closed","template":"","meta":{"footnotes":""},"class_list":["post-57","page","type-page","status-publish","hentry"],"yoast_head":"<!-- This site is optimized with the Yoast SEO plugin v26.9 - https:\/\/yoast.com\/product\/yoast-seo-wordpress\/ -->\n<title>Notre Actualit\u00e9 - Torcymages<\/title>\n<meta name=\"robots\" content=\"index, follow, max-snippet:-1, max-image-preview:large, max-video-preview:-1\" \/>\n<link rel=\"canonical\" href=\"https:\/\/torcymages.com\/index.php\/actualite\/\" \/>\n<meta property=\"og:locale\" content=\"fr_FR\" \/>\n<meta property=\"og:type\" content=\"article\" \/>\n<meta property=\"og:title\" content=\"Notre Actualit\u00e9 - Torcymages\" \/>\n<meta property=\"og:description\" content=\"[vc_row][vc_column][vc_column_text] NOTRE ACTUALIT\u00c9 Suivez l&rsquo;actualit\u00e9 de Torcymages. [\/vc_column_text][\/vc_column][\/vc_row][vc_row][vc_column][vc_empty_space height=\u00a0\u00bb40px\u00a0\u00bb][vc_empty_space][\/vc_column][\/vc_row]\" \/>\n<meta property=\"og:url\" content=\"https:\/\/torcymages.com\/index.php\/actualite\/\" \/>\n<meta property=\"og:site_name\" content=\"Torcymages\" \/>\n<meta property=\"article:modified_time\" content=\"2023-12-04T21:41:42+00:00\" \/>\n<meta name=\"twitter:card\" content=\"summary_large_image\" \/>\n<script type=\"application\/ld+json\" class=\"yoast-schema-graph\">{\"@context\":\"https:\/\/schema.org\",\"@graph\":[{\"@type\":\"WebPage\",\"@id\":\"https:\/\/torcymages.com\/index.php\/actualite\/\",\"url\":\"https:\/\/torcymages.com\/index.php\/actualite\/\",\"name\":\"Notre Actualit\u00e9 - Torcymages\",\"isPartOf\":{\"@id\":\"https:\/\/torcymages.com\/#website\"},\"datePublished\":\"2016-01-28T18:36:21+00:00\",\"dateModified\":\"2023-12-04T21:41:42+00:00\",\"breadcrumb\":{\"@id\":\"https:\/\/torcymages.com\/index.php\/actualite\/#breadcrumb\"},\"inLanguage\":\"fr-FR\",\"potentialAction\":[{\"@type\":\"ReadAction\",\"target\":[\"https:\/\/torcymages.com\/index.php\/actualite\/\"]}]},{\"@type\":\"BreadcrumbList\",\"@id\":\"https:\/\/torcymages.com\/index.php\/actualite\/#breadcrumb\",\"itemListElement\":[{\"@type\":\"ListItem\",\"position\":1,\"name\":\"Accueil\",\"item\":\"https:\/\/torcymages.com\/\"},{\"@type\":\"ListItem\",\"position\":2,\"name\":\"Notre Actualit\u00e9\"}]},{\"@type\":\"WebSite\",\"@id\":\"https:\/\/torcymages.com\/#website\",\"url\":\"https:\/\/torcymages.com\/\",\"name\":\"Torcymages\",\"description\":\"34\u00e8me festival du court m\u00e9trage amateur de Torcy (71)\",\"potentialAction\":[{\"@type\":\"SearchAction\",\"target\":{\"@type\":\"EntryPoint\",\"urlTemplate\":\"https:\/\/torcymages.com\/?s={search_term_string}\"},\"query-input\":{\"@type\":\"PropertyValueSpecification\",\"valueRequired\":true,\"valueName\":\"search_term_string\"}}],\"inLanguage\":\"fr-FR\"}]}<\/script>\n<!-- \/ Yoast SEO plugin. -->","yoast_head_json":{"title":"Notre Actualit\u00e9 - Torcymages","robots":{"index":"index","follow":"follow","max-snippet":"max-snippet:-1","max-image-preview":"max-image-preview:large","max-video-preview":"max-video-preview:-1"},"canonical":"https:\/\/torcymages.com\/index.php\/actualite\/","og_locale":"fr_FR","og_type":"article","og_title":"Notre Actualit\u00e9 - Torcymages","og_description":"[vc_row][vc_column][vc_column_text] NOTRE ACTUALIT\u00c9 Suivez l&rsquo;actualit\u00e9 de Torcymages. [\/vc_column_text][\/vc_column][\/vc_row][vc_row][vc_column][vc_empty_space height=\u00a0\u00bb40px\u00a0\u00bb][vc_empty_space][\/vc_column][\/vc_row]","og_url":"https:\/\/torcymages.com\/index.php\/actualite\/","og_site_name":"Torcymages","article_modified_time":"2023-12-04T21:41:42+00:00","twitter_card":"summary_large_image","schema":{"@context":"https:\/\/schema.org","@graph":[{"@type":"WebPage","@id":"https:\/\/torcymages.com\/index.php\/actualite\/","url":"https:\/\/torcymages.com\/index.php\/actualite\/","name":"Notre Actualit\u00e9 - Torcymages","isPartOf":{"@id":"https:\/\/torcymages.com\/#website"},"datePublished":"2016-01-28T18:36:21+00:00","dateModified":"2023-12-04T21:41:42+00:00","breadcrumb":{"@id":"https:\/\/torcymages.com\/index.php\/actualite\/#breadcrumb"},"inLanguage":"fr-FR","potentialAction":[{"@type":"ReadAction","target":["https:\/\/torcymages.com\/index.php\/actualite\/"]}]},{"@type":"BreadcrumbList","@id":"https:\/\/torcymages.com\/index.php\/actualite\/#breadcrumb","itemListElement":[{"@type":"ListItem","position":1,"name":"Accueil","item":"https:\/\/torcymages.com\/"},{"@type":"ListItem","position":2,"name":"Notre Actualit\u00e9"}]},{"@type":"WebSite","@id":"https:\/\/torcymages.com\/#website","url":"https:\/\/torcymages.com\/","name":"Torcymages","description":"34\u00e8me festival du court m\u00e9trage amateur de Torcy (71)","potentialAction":[{"@type":"SearchAction","target":{"@type":"EntryPoint","urlTemplate":"https:\/\/torcymages.com\/?s={search_term_string}"},"query-input":{"@type":"PropertyValueSpecification","valueRequired":true,"valueName":"search_term_string"}}],"inLanguage":"fr-FR"}]}},"_links":{"self":[{"href":"https:\/\/torcymages.com\/index.php\/wp-json\/wp\/v2\/pages\/57","targetHints":{"allow":["GET"]}}],"collection":[{"href":"https:\/\/torcymages.com\/index.php\/wp-json\/wp\/v2\/pages"}],"about":[{"href":"https:\/\/torcymages.com\/index.php\/wp-json\/wp\/v2\/types\/page"}],"author":[{"embeddable":true,"href":"https:\/\/torcymages.com\/index.php\/wp-json\/wp\/v2\/users\/1"}],"replies":[{"embeddable":true,"href":"https:\/\/torcymages.com\/index.php\/wp-json\/wp\/v2\/comments?post=57"}],"version-history":[{"count":7,"href":"https:\/\/torcymages.com\/index.php\/wp-json\/wp\/v2\/pages\/57\/revisions"}],"predecessor-version":[{"id":457,"href":"https:\/\/torcymages.com\/index.php\/wp-json\/wp\/v2\/pages\/57\/revisions\/457"}],"wp:attachment":[{"href":"https:\/\/torcymages.com\/index.php\/wp-json\/wp\/v2\/media?parent=57"}],"curies":[{"name":"wp","href":"https:\/\/api.w.org\/{rel}","templated":true}]}}