{"id":30,"date":"2016-01-28T17:46:57","date_gmt":"2016-01-28T17:46:57","guid":{"rendered":"http:\/\/event-theme.com\/themes\/electron\/?page_id=30"},"modified":"2025-06-17T18:34:43","modified_gmt":"2025-06-17T16:34:43","slug":"accueil","status":"publish","type":"page","link":"https:\/\/torcymages.com\/","title":{"rendered":"Accueil"},"content":{"rendered":"<div class=\"wpb-content-wrapper\"><p>[vc_row][vc_column]\r\n<div id=\"slides\" class=\"total-slides-1\">\r\n\t<div class=\"slides-container\">\r\n        \t\t\t<div class=\"slide active\">\r\n                <div class=\"img\">\r\n                    <img decoding=\"async\" src=\"https:\/\/torcymages.com\/wp-content\/uploads\/2023\/12\/Accueil-Torcymages.jpg'\" alt=\"\" class=\"img-responsive\">\r\n                <\/div>\r\n                <div class=\"slide-caption\">\r\n                    <div class=\"container\">\r\n                        <div class=\"box\">\r\n                                                <h1>Torcymages<\/h1>                        <span>34\u00e8me festival du court m\u00e9trage amateur de Torcy (71)<\/span>                        <\/div>\r\n                    <\/div>\r\n                <\/div>\r\n            <\/div><!-- end slide #1 -->\r\n            \t<\/div>\r\n\r\n    <div class=\"slides-navigation\">\r\n        <a class=\"prev sqaureIconSec\" href=\"#\"> <i class=\"fa fa-chevron-left\"><\/i><\/a>\r\n        <a class=\"next sqaureIconSec\" href=\"#\"> <i class=\"fa fa-chevron-right\"><\/i><\/a>\r\n    <\/div><!-- end slides-navigation -->\r\n\r\n        \r\n\r\n     \r\n\r\n    <div class=\"container-fluid absShape\">\r\n        <div class=\"row d-flex\">\r\n                        <div class=\"first col-md-6 col-sm-6 col-xs-12\">\r\n                <div class=\"countdown styled BGprime\" data-countdown-time=\"February 21, 2026 14:00:00\"><\/div>\r\n            <\/div>\r\n                        \r\n                        <div class=\"col-md-6 col-sm-6 col-xs-12\">\r\n                <a class=\"btn join smooth BGsecondary\" href=\"https:\/\/torcymages.com\/#pricing\" title=\"S&#039;inscrire\">S&#039;inscrire<\/a>\r\n            <\/div>\r\n                    <\/div>\r\n    <\/div>\r\n<\/div>[\/vc_column][\/vc_row]<\/p>\n<\/div>","protected":false},"excerpt":{"rendered":"<p>[vc_row][vc_column][\/vc_column][\/vc_row]<\/p>\n","protected":false},"author":1,"featured_media":0,"parent":0,"menu_order":0,"comment_status":"closed","ping_status":"closed","template":"templates\/one-page.php","meta":{"footnotes":""},"class_list":["post-30","page","type-page","status-publish","hentry"],"yoast_head":"<!-- This site is optimized with the Yoast SEO plugin v26.9 - https:\/\/yoast.com\/product\/yoast-seo-wordpress\/ -->\n<title>Torcymages - Festival de vid\u00e9o amateur \u00e0 Trocy (71)<\/title>\n<meta name=\"description\" content=\"L&#039;association organise tous les ans un festival du court m\u00e9trage amateur le dernier week-end de f\u00e9vrier qui s&#039;adresse aux amateurs.\" \/>\n<meta name=\"robots\" content=\"index, follow, max-snippet:-1, max-image-preview:large, max-video-preview:-1\" \/>\n<link rel=\"canonical\" href=\"https:\/\/torcymages.com\/\" \/>\n<meta property=\"og:locale\" content=\"fr_FR\" \/>\n<meta property=\"og:type\" content=\"article\" \/>\n<meta property=\"og:title\" content=\"Torcymages - Festival de vid\u00e9o amateur \u00e0 Trocy (71)\" \/>\n<meta property=\"og:description\" content=\"L&#039;association organise tous les ans un festival du court m\u00e9trage amateur le dernier week-end de f\u00e9vrier qui s&#039;adresse aux amateurs.\" \/>\n<meta property=\"og:url\" content=\"https:\/\/torcymages.com\/\" \/>\n<meta property=\"og:site_name\" content=\"Torcymages\" \/>\n<meta property=\"article:modified_time\" content=\"2025-06-17T16:34:43+00:00\" \/>\n<meta name=\"twitter:card\" content=\"summary_large_image\" \/>\n<meta name=\"twitter:label1\" content=\"Dur\u00e9e de lecture estim\u00e9e\" \/>\n\t<meta name=\"twitter:data1\" content=\"1 minute\" \/>\n<script type=\"application\/ld+json\" class=\"yoast-schema-graph\">{\"@context\":\"https:\/\/schema.org\",\"@graph\":[{\"@type\":\"WebPage\",\"@id\":\"https:\/\/torcymages.com\/\",\"url\":\"https:\/\/torcymages.com\/\",\"name\":\"Torcymages - Festival de vid\u00e9o amateur \u00e0 Trocy (71)\",\"isPartOf\":{\"@id\":\"https:\/\/torcymages.com\/#website\"},\"datePublished\":\"2016-01-28T17:46:57+00:00\",\"dateModified\":\"2025-06-17T16:34:43+00:00\",\"description\":\"L'association organise tous les ans un festival du court m\u00e9trage amateur le dernier week-end de f\u00e9vrier qui s'adresse aux amateurs.\",\"breadcrumb\":{\"@id\":\"https:\/\/torcymages.com\/#breadcrumb\"},\"inLanguage\":\"fr-FR\",\"potentialAction\":[{\"@type\":\"ReadAction\",\"target\":[\"https:\/\/torcymages.com\/\"]}]},{\"@type\":\"BreadcrumbList\",\"@id\":\"https:\/\/torcymages.com\/#breadcrumb\",\"itemListElement\":[{\"@type\":\"ListItem\",\"position\":1,\"name\":\"Accueil\",\"item\":\"https:\/\/torcymages.com\/\"},{\"@type\":\"ListItem\",\"position\":2,\"name\":\"Accueil\"}]},{\"@type\":\"WebSite\",\"@id\":\"https:\/\/torcymages.com\/#website\",\"url\":\"https:\/\/torcymages.com\/\",\"name\":\"Torcymages\",\"description\":\"34\u00e8me festival du court m\u00e9trage amateur de Torcy (71)\",\"potentialAction\":[{\"@type\":\"SearchAction\",\"target\":{\"@type\":\"EntryPoint\",\"urlTemplate\":\"https:\/\/torcymages.com\/?s={search_term_string}\"},\"query-input\":{\"@type\":\"PropertyValueSpecification\",\"valueRequired\":true,\"valueName\":\"search_term_string\"}}],\"inLanguage\":\"fr-FR\"}]}<\/script>\n<!-- \/ Yoast SEO plugin. -->","yoast_head_json":{"title":"Torcymages - Festival de vid\u00e9o amateur \u00e0 Trocy (71)","description":"L'association organise tous les ans un festival du court m\u00e9trage amateur le dernier week-end de f\u00e9vrier qui s'adresse aux amateurs.","robots":{"index":"index","follow":"follow","max-snippet":"max-snippet:-1","max-image-preview":"max-image-preview:large","max-video-preview":"max-video-preview:-1"},"canonical":"https:\/\/torcymages.com\/","og_locale":"fr_FR","og_type":"article","og_title":"Torcymages - Festival de vid\u00e9o amateur \u00e0 Trocy (71)","og_description":"L'association organise tous les ans un festival du court m\u00e9trage amateur le dernier week-end de f\u00e9vrier qui s'adresse aux amateurs.","og_url":"https:\/\/torcymages.com\/","og_site_name":"Torcymages","article_modified_time":"2025-06-17T16:34:43+00:00","twitter_card":"summary_large_image","twitter_misc":{"Dur\u00e9e de lecture estim\u00e9e":"1 minute"},"schema":{"@context":"https:\/\/schema.org","@graph":[{"@type":"WebPage","@id":"https:\/\/torcymages.com\/","url":"https:\/\/torcymages.com\/","name":"Torcymages - Festival de vid\u00e9o amateur \u00e0 Trocy (71)","isPartOf":{"@id":"https:\/\/torcymages.com\/#website"},"datePublished":"2016-01-28T17:46:57+00:00","dateModified":"2025-06-17T16:34:43+00:00","description":"L'association organise tous les ans un festival du court m\u00e9trage amateur le dernier week-end de f\u00e9vrier qui s'adresse aux amateurs.","breadcrumb":{"@id":"https:\/\/torcymages.com\/#breadcrumb"},"inLanguage":"fr-FR","potentialAction":[{"@type":"ReadAction","target":["https:\/\/torcymages.com\/"]}]},{"@type":"BreadcrumbList","@id":"https:\/\/torcymages.com\/#breadcrumb","itemListElement":[{"@type":"ListItem","position":1,"name":"Accueil","item":"https:\/\/torcymages.com\/"},{"@type":"ListItem","position":2,"name":"Accueil"}]},{"@type":"WebSite","@id":"https:\/\/torcymages.com\/#website","url":"https:\/\/torcymages.com\/","name":"Torcymages","description":"34\u00e8me festival du court m\u00e9trage amateur de Torcy (71)","potentialAction":[{"@type":"SearchAction","target":{"@type":"EntryPoint","urlTemplate":"https:\/\/torcymages.com\/?s={search_term_string}"},"query-input":{"@type":"PropertyValueSpecification","valueRequired":true,"valueName":"search_term_string"}}],"inLanguage":"fr-FR"}]}},"_links":{"self":[{"href":"https:\/\/torcymages.com\/index.php\/wp-json\/wp\/v2\/pages\/30","targetHints":{"allow":["GET"]}}],"collection":[{"href":"https:\/\/torcymages.com\/index.php\/wp-json\/wp\/v2\/pages"}],"about":[{"href":"https:\/\/torcymages.com\/index.php\/wp-json\/wp\/v2\/types\/page"}],"author":[{"embeddable":true,"href":"https:\/\/torcymages.com\/index.php\/wp-json\/wp\/v2\/users\/1"}],"replies":[{"embeddable":true,"href":"https:\/\/torcymages.com\/index.php\/wp-json\/wp\/v2\/comments?post=30"}],"version-history":[{"count":12,"href":"https:\/\/torcymages.com\/index.php\/wp-json\/wp\/v2\/pages\/30\/revisions"}],"predecessor-version":[{"id":570,"href":"https:\/\/torcymages.com\/index.php\/wp-json\/wp\/v2\/pages\/30\/revisions\/570"}],"wp:attachment":[{"href":"https:\/\/torcymages.com\/index.php\/wp-json\/wp\/v2\/media?parent=30"}],"curies":[{"name":"wp","href":"https:\/\/api.w.org\/{rel}","templated":true}]}}